{"id":1257,"date":"2024-04-25T14:08:03","date_gmt":"2024-04-25T12:08:03","guid":{"rendered":"https:\/\/www.maisondelight-168.com\/homepage\/?post_type=product&#038;p=1257"},"modified":"2024-05-07T16:22:06","modified_gmt":"2024-05-07T14:22:06","slug":"japanische-damen-jacke-zen-garten","status":"publish","type":"product","link":"https:\/\/www.maisondelight-168.com\/homepage\/produkt\/japanische-damen-jacke-zen-garten\/","title":{"rendered":"Japanische Damen Jacke &#8211; &#8220;Zen Garten&#8221;"},"content":{"rendered":"<p>Indigofarbene, elegante Jacke mit dem R\u00fcckendruck &#8216;Zen Garten&#8217; aus 100% Baumwolle. Zur Auswahl stehen sportliche Ringelb\u00fcndchen ode schlichte navyfarbene B\u00fcndchen.<\/p>\n<p>Sie ist f\u00fcr jeden Tag, kombiniert mit unifarbenem Outfit passt sie aber auch zu einem locker eleganten Abendlook!<\/p>\n<p>Die extra f\u00fcr Dich gefertigte Jacke wird Dir innerhalb von 10-20 Werktagen zugesandt.<\/p>\n<p>Als Sonderanfertigung gegen Aufpreis m\u00f6glich, damit &#8216;Zen Garten&#8217; wie angegossen passt. Bitte hinterlass uns bei Deiner Bestellung einen Hinweis im Bemerkungsfeld.<\/p>\n<p> <\/p>\n","protected":false},"excerpt":{"rendered":"<p>Indigofarbene, elegante Jacke mit dem R\u00fcckendruck &#8216;Zen Garten&#8217; aus 100% Baumwolle.<\/p>\n","protected":false},"featured_media":1391,"template":"","meta":[],"product_cat":[48,44,45],"product_tag":[],"translation":{"provider":"WPGlobus","version":"2.12.2","language":"de","enabled_languages":["de","en"],"languages":{"de":{"title":true,"content":true,"excerpt":true},"en":{"title":false,"content":false,"excerpt":false}}},"_links":{"self":[{"href":"https:\/\/www.maisondelight-168.com\/homepage\/wp-json\/wp\/v2\/product\/1257"}],"collection":[{"href":"https:\/\/www.maisondelight-168.com\/homepage\/wp-json\/wp\/v2\/product"}],"about":[{"href":"https:\/\/www.maisondelight-168.com\/homepage\/wp-json\/wp\/v2\/types\/product"}],"wp:featuredmedia":[{"embeddable":true,"href":"https:\/\/www.maisondelight-168.com\/homepage\/wp-json\/wp\/v2\/media\/1391"}],"wp:attachment":[{"href":"https:\/\/www.maisondelight-168.com\/homepage\/wp-json\/wp\/v2\/media?parent=1257"}],"wp:term":[{"taxonomy":"product_cat","embeddable":true,"href":"https:\/\/www.maisondelight-168.com\/homepage\/wp-json\/wp\/v2\/product_cat?post=1257"},{"taxonomy":"product_tag","embeddable":true,"href":"https:\/\/www.maisondelight-168.com\/homepage\/wp-json\/wp\/v2\/product_tag?post=1257"}],"curies":[{"name":"wp","href":"https:\/\/api.w.org\/{rel}","templated":true}]}}