{"id":1171,"date":"2024-04-25T13:46:54","date_gmt":"2024-04-25T11:46:54","guid":{"rendered":"https:\/\/www.maisondelight-168.com\/homepage\/?post_type=product&#038;p=1171"},"modified":"2024-05-07T14:22:17","modified_gmt":"2024-05-07T12:22:17","slug":"damen-roll-up-t-shirt-east-of-the-sun-or-west-of-the-moon-weiss","status":"publish","type":"product","link":"https:\/\/www.maisondelight-168.com\/homepage\/produkt\/damen-roll-up-t-shirt-east-of-the-sun-or-west-of-the-moon-weiss\/","title":{"rendered":"Damen Roll Up T-Shirt &#8220;East of the Sun or West of the Moon&#8221;, wei\u00df"},"content":{"rendered":"<p>L\u00e4ssiges T-Shirt aus wei\u00dfem Jersey (100% Bio-Baumwolle, GOTS-zertifiziert) mit Rundhals, goldenem Siebdruck Kranich Print sowie modischen Roll Up-\u00c4rmeln. Ein schickes Alltagstop mit dem gewissen Etwas, in dem Du gut angezogen wirkst! Passt zu Jeans oder elegantem Rock gleicherma\u00dfen!<\/p>\n","protected":false},"excerpt":{"rendered":"<p>L\u00e4ssiges T-Shirt aus wei\u00dfem Jersey mit Rundhals, goldenem Siebdruck Kranich Print sowie modischen Roll Up-\u00c4rmeln.<\/p>\n","protected":false},"featured_media":1175,"template":"","meta":[],"product_cat":[48,49,45],"product_tag":[],"translation":{"provider":"WPGlobus","version":"2.12.2","language":"de","enabled_languages":["de","en"],"languages":{"de":{"title":true,"content":true,"excerpt":true},"en":{"title":false,"content":false,"excerpt":false}}},"_links":{"self":[{"href":"https:\/\/www.maisondelight-168.com\/homepage\/wp-json\/wp\/v2\/product\/1171"}],"collection":[{"href":"https:\/\/www.maisondelight-168.com\/homepage\/wp-json\/wp\/v2\/product"}],"about":[{"href":"https:\/\/www.maisondelight-168.com\/homepage\/wp-json\/wp\/v2\/types\/product"}],"wp:featuredmedia":[{"embeddable":true,"href":"https:\/\/www.maisondelight-168.com\/homepage\/wp-json\/wp\/v2\/media\/1175"}],"wp:attachment":[{"href":"https:\/\/www.maisondelight-168.com\/homepage\/wp-json\/wp\/v2\/media?parent=1171"}],"wp:term":[{"taxonomy":"product_cat","embeddable":true,"href":"https:\/\/www.maisondelight-168.com\/homepage\/wp-json\/wp\/v2\/product_cat?post=1171"},{"taxonomy":"product_tag","embeddable":true,"href":"https:\/\/www.maisondelight-168.com\/homepage\/wp-json\/wp\/v2\/product_tag?post=1171"}],"curies":[{"name":"wp","href":"https:\/\/api.w.org\/{rel}","templated":true}]}}