{"id":38,"date":"2018-01-07T16:52:56","date_gmt":"2018-01-07T15:52:56","guid":{"rendered":"http:\/\/www.maison-168.com\/homepage\/?page_id=38"},"modified":"2019-01-27T07:56:14","modified_gmt":"2019-01-27T06:56:14","slug":"datenschutz-und-cookies","status":"publish","type":"page","link":"https:\/\/www.maisondelight-168.com\/homepage\/datenschutz-und-cookies\/","title":{"rendered":"Datenschutz"},"content":{"rendered":"<p>&#8212;&#8212;&#8212;&#8212;&#8212;&#8212;&#8211;<br \/>\nDatenschutzerkl\u00e4rung<br \/>\n&#8212;&#8212;&#8212;&#8212;&#8212;&#8212;&#8211;<\/p>\n<p>1) Information \u00fcber die Erhebung personenbezogener Daten und Kontaktdaten des Verantwortlichen<br \/>\n1.1 Wir freuen uns, dass Sie unsere Website besuchen und bedanken uns f\u00fcr Ihr Interesse. Im Folgenden informieren wir Sie \u00fcber den Umgang mit Ihren personenbezogenen Daten bei Nutzung unserer Website. Personenbezogene Daten sind hierbei alle Daten, mit denen Sie pers\u00f6nlich identifiziert werden k\u00f6nnen.<br \/>\n1.2 Verantwortlicher f\u00fcr die Datenverarbeitung auf dieser Website im Sinne der Datenschutz-Grundverordnung (DSGVO) ist Sui Mui YUEN, Maison Delight 168, Bleibtreustr. 3, 10623 Berlin, Deutschland, Tel.: +49 151 700 28 393, E-Mail: suimui168@web.de. Der f\u00fcr die Verarbeitung von personenbezogenen Daten Verantwortliche ist diejenige nat\u00fcrliche oder juristische Person, die allein oder gemeinsam mit anderen \u00fcber die Zwecke und Mittel der Verarbeitung von personenbezogenen Daten entscheidet.<br \/>\n1.3 Diese Website nutzt aus Sicherheitsgr\u00fcnden und zum Schutz der \u00dcbertragung personenbezogener Daten und anderer vertraulicher Inhalte (z.B. Bestellungen oder Anfragen an den Verantwortlichen) eine SSL-bzw. TLS-Verschl\u00fcsselung. Sie k\u00f6nnen eine verschl\u00fcsselte Verbindung an der Zeichenfolge \u201ehttps:\/\/\u201c und dem Schloss-Symbol in Ihrer Browserzeile erkennen.<\/p>\n<p>2) Datenerfassung beim Besuch unserer Website<br \/>\nBei der blo\u00df informatorischen Nutzung unserer Website, also wenn Sie sich nicht registrieren oder uns anderweitig Informationen \u00fcbermitteln, erheben wir nur solche Daten, die Ihr Browser an unseren Server \u00fcbermittelt (sog. \u201eServer-Logfiles\u201c). Wenn Sie unsere Website aufrufen, erheben wir die folgenden Daten, die f\u00fcr uns technisch erforderlich sind, um Ihnen die Website anzuzeigen:<br \/>\n&#8211; Unsere besuchte Website<br \/>\n&#8211; Datum und Uhrzeit zum Zeitpunkt des Zugriffes<br \/>\n&#8211; Menge der gesendeten Daten in Byte<br \/>\n&#8211; Quelle\/Verweis, von welchem Sie auf die Seite gelangten<br \/>\n&#8211; Verwendeter Browser<br \/>\n&#8211; Verwendetes Betriebssystem<br \/>\n&#8211; Verwendete IP-Adresse (ggf.: in anonymisierter Form)<br \/>\nDie Verarbeitung erfolgt gem\u00e4\u00df Art. 6 Abs. 1 lit. f DSGVO auf Basis unseres berechtigten Interesses an der Verbesserung der Stabilit\u00e4t und Funktionalit\u00e4t unserer Website. Eine Weitergabe oder anderweitige Verwendung der Daten findet nicht statt. Wir behalten uns allerdings vor, die Server-Logfiles nachtr\u00e4glich zu \u00fcberpr\u00fcfen, sollten konkrete Anhaltspunkte auf eine rechtswidrige Nutzung hinweisen.<\/p>\n<p>3) Kontaktaufnahme<br \/>\nIm Rahmen der Kontaktaufnahme mit uns (z.B. per Kontaktformular oder E-Mail) werden personenbezogene Daten erhoben. Welche Daten im Falle eines Kontaktformulars erhoben werden, ist aus dem jeweiligen Kontaktformular ersichtlich. Diese Daten werden ausschlie\u00dflich zum Zweck der Beantwortung Ihres Anliegens bzw. f\u00fcr die Kontaktaufnahme und die damit verbundene technische Administration gespeichert und verwendet. Rechtsgrundlage f\u00fcr die Verarbeitung der Daten ist unser berechtigtes Interesse an der Beantwortung Ihres Anliegens gem\u00e4\u00df Art. 6 Abs. 1 lit. f DSGVO. Zielt Ihre Kontaktierung auf den Abschluss eines Vertrages ab, so ist zus\u00e4tzliche Rechtsgrundlage f\u00fcr die Verarbeitung Art. 6 Abs. 1 lit. b DSGVO. Ihre Daten werden nach abschlie\u00dfender Bearbeitung Ihrer Anfrage gel\u00f6scht, dies ist der Fall, wenn sich aus den Umst\u00e4nden entnehmen l\u00e4sst, dass der betroffene Sachverhalt abschlie\u00dfend gekl\u00e4rt ist und sofern keine gesetzlichen Aufbewahrungspflichten entgegenstehen.<\/p>\n<p>4) Datenverarbeitung bei Er\u00f6ffnung eines Kundenkontos und zur Vertragsabwicklung<br \/>\nGem\u00e4\u00df Art. 6 Abs. 1 lit. b DSGVO werden personenbezogene Daten weiterhin erhoben und verarbeitet, wenn Sie uns diese zur Durchf\u00fchrung eines Vertrages oder bei der Er\u00f6ffnung eines Kundenkontos mitteilen. Welche Daten erhoben werden, ist aus den jeweiligen Eingabeformularen ersichtlich. Eine L\u00f6schung Ihres Kundenkontos ist jederzeit m\u00f6glich und kann durch eine Nachricht an die o.g. Adresse des Verantwortlichen erfolgen. Wir speichern und verwenden die von Ihnen mitgeteilten Daten zur Vertragsabwicklung. Nach vollst\u00e4ndiger Abwicklung des Vertrages oder L\u00f6schung Ihres Kundenkontos werden Ihre Daten mit R\u00fccksicht auf steuer- und handelsrechtliche Aufbewahrungsfristen gesperrt und nach Ablauf dieser Fristen gel\u00f6scht, sofern Sie nicht ausdr\u00fccklich in eine weitere Nutzung Ihrer Daten eingewilligt haben oder eine gesetzlich erlaubte weitere Datenverwendung von unserer Seite vorbehalten wurde, \u00fcber die wir Sie nachstehend entsprechend informieren.<\/p>\n<p>5) Kommentarfunktion<br \/>\nIm Rahmen der Kommentarfunktion auf dieser Website werden neben Ihrem Kommentar auch Angaben zum Zeitpunkt der Erstellung des Kommentars und der von Ihnen gew\u00e4hlte Kommentatorenname gespeichert und auf der Website ver\u00f6ffentlicht. Ferner wird Ihre IP-Adresse mitprotokolliert und gespeichert. Diese Speicherung der IP-Adresse erfolgt aus Sicherheitsgr\u00fcnden und f\u00fcr den Fall, dass die betroffene Person durch einen abgegebenen Kommentar die Rechte Dritter verletzt oder rechtswidrige Inhalte postet. Ihre E-Mail-Adresse ben\u00f6tigen wir, um mit Ihnen in Kontakt zu treten, falls ein Dritter Ihren ver\u00f6ffentlichten Inhalt als rechtswidrig beanstanden sollte. Rechtsgrundlagen f\u00fcr die Speicherung Ihrer Daten sind die Art. 6 Abs. 1 lit.b und f DSGVO. Wir behalten uns vor, Kommentare zu l\u00f6schen, wenn sie von Dritten als rechtswidrig beanstandet werden.<\/p>\n<p>6) Nutzung Ihrer Daten zur Direktwerbung<br \/>\nAnmeldung zu unserem E-Mail-Newsletter<br \/>\nWenn Sie sich zu unserem E-Mail Newsletter anmelden, \u00fcbersenden wir Ihnen regelm\u00e4\u00dfig Informationen zu unseren Angeboten. Pflichtangabe f\u00fcr die \u00dcbersendung des Newsletters ist allein Ihre E-Mail-Adresse. Die Angabe weiterer evtl. Daten ist freiwillig und wird verwendet, um Sie pers\u00f6nlich ansprechen zu k\u00f6nnen. F\u00fcr den Versand des Newsletters verwenden wir das sog. Double Opt-in Verfahren. Dies bedeutet, dass wir Ihnen erst dann einen E-Mail Newsletter \u00fcbermitteln werden, wenn Sie uns ausdr\u00fccklich best\u00e4tigt haben, dass Sie in den Versand von Newsletter einwilligen. Wir schicken Ihnen dann eine Best\u00e4tigungs-E-Mail, mit der Sie gebeten werden durch Anklicken eines entsprechenden Links zu best\u00e4tigen, dass Sie k\u00fcnftig Newsletter erhalten wollen.<br \/>\nMit der Aktivierung des Best\u00e4tigungslinks erteilen Sie uns Ihre Einwilligung f\u00fcr die Nutzung Ihrer personenbezogenen Daten gem\u00e4\u00df Art. 6 Abs. 1 lit. a DSGVO. Bei der Anmeldung zum Newsletter speichern wir Ihre vom Internet Service-Provider (ISP) eingetragene IP-Adresse sowie das Datum und die Uhrzeit der Anmeldung, um einen m\u00f6glichen Missbrauch Ihrer E-Mail-Adresse zu einem sp\u00e4teren Zeitpunkt nachvollziehen zu k\u00f6nnen. Die von uns bei der Anmeldung zum Newsletter erhobenen Daten werden ausschlie\u00dflich f\u00fcr Zwecke der werblichen Ansprache im Wege des Newsletters benutzt. Sie k\u00f6nnen den Newsletter jederzeit \u00fcber den daf\u00fcr vorgesehenen Link im Newsletter oder durch entsprechende Nachricht an den eingangs genannten Verantwortlichen abbestellen. Nach erfolgter Abmeldung wird Ihre E-Mail-Adresse unverz\u00fcglich in unserem Newsletter-Verteiler gel\u00f6scht, soweit Sie nicht ausdr\u00fccklich in eine weitere Nutzung Ihrer Daten eingewilligt haben oder wir uns eine dar\u00fcberhinausgehende Datenverwendung vorbehalten, die gesetzlich erlaubt ist und \u00fcber die wir Sie in dieser Erkl\u00e4rung informieren.<\/p>\n<p>7) Datenverarbeitung zur Bestellabwicklung<br \/>\n7.1 Die von uns erhobenen personenbezogenen Daten werden im Rahmen der Vertragsabwicklung an das mit der Lieferung beauftragte Transportunternehmen weitergegeben, soweit dies zur Lieferung der Ware erforderlich ist. Ihre Zahlungsdaten geben wir im Rahmen der Zahlungsabwicklung an das beauftragte Kreditinstitut weiter, sofern dies f\u00fcr die Zahlungsabwicklung erforderlich ist. Sofern Zahlungsdienstleister eingesetzt werden, informieren wir hier\u00fcber nachstehend explizit. Die Rechtsgrundlage f\u00fcr die Weitergabe der Daten ist hierbei Art. 6 Abs. 1 lit. b DSGVO.<br \/>\n7.2 Weitergabe personenbezogener Daten an Versanddienstleister<br \/>\n&#8211; DHL<br \/>\nErfolgt die Zustellung der Ware durch den Transportdienstleister DHL (Deutsche Post AG, Charles-de-Gaulle-Stra\u00dfe 20, 53113 Bonn), so geben wir Ihre E-Mail-Adresse gem\u00e4\u00df Art. 6 Abs. 1 lit. a DSGVO vor der Zustellung der Ware zum Zwecke der Abstimmung eines Liefertermins bzw. zur Lieferank\u00fcndigung an DHL weiter, sofern Sie hierf\u00fcr im Bestellprozess Ihre ausdr\u00fcckliche Einwilligung erteilt haben. Anderenfalls geben wir zum Zwecke der Zustellung gem\u00e4\u00df Art. 6 Abs. 1 lit. b DSGVO nur den Namen des Empf\u00e4ngers und die Lieferadresse an DHL weiter. Die Weitergabe erfolgt nur, soweit dies f\u00fcr die Warenlieferung erforderlich ist. In diesem Fall ist eine vorherige Abstimmung des Liefertermins mit DHL bzw. die Lieferank\u00fcndigung nicht m\u00f6glich.<br \/>\nDie Einwilligung kann jederzeit mit Wirkung f\u00fcr die Zukunft gegen\u00fcber dem oben bezeichneten Verantwortlichen oder gegen\u00fcber dem Transportdienstleister DHL widerrufen werden.<br \/>\n&#8211; Hermes<br \/>\nErfolgt die Zustellung der Ware durch den Transportdienstleister Hermes (Hermes Logistik Gruppe Deutschland GmbH, Essener Stra\u00dfe 89, 22419 Hamburg), so geben wir Ihre E-Mail-Adresse vor der Zustellung der Ware gem\u00e4\u00df Art. 6 Abs. 1 lit. a DSGVO zum Zwecke der Abstimmung eines Liefertermins bzw. zur Lieferank\u00fcndigung an Hermes weiter, sofern Sie hierf\u00fcr im Bestellprozess Ihre ausdr\u00fcckliche Einwilligung erteilt haben. Anderenfalls geben wir zum Zwecke der Zustellung gem\u00e4\u00df Art. 6 Abs. 1 lit. b DSGVO nur den Namen des Empf\u00e4ngers und die Lieferadresse an Hermes weiter. Die Weitergabe erfolgt nur, soweit dies f\u00fcr die Warenlieferung erforderlich ist. In diesem Fall ist eine vorherige Abstimmung des Liefertermins mit Hermes bzw. die \u00dcbermittlung von Statusinformationen der Sendungszustellung nicht m\u00f6glich.<br \/>\nDie Einwilligung kann jederzeit mit Wirkung f\u00fcr die Zukunft gegen\u00fcber dem oben bezeichneten Verantwortlichen oder gegen\u00fcber dem Transportdienstleister Hermes widerrufen werden.<br \/>\n7.3 Verwendung von Paymentdienstleistern (Zahlungsdienstleister)<br \/>\n&#8211; Paypal<br \/>\nBei Zahlung via PayPal, Kreditkarte via PayPal, Lastschrift via PayPal oder \u2013 falls angeboten &#8211; &#8220;Kauf auf Rechnung&#8221; oder \u201eRatenzahlung\u201c via PayPal geben wir Ihre Zahlungsdaten im Rahmen der Zahlungsabwicklung an die PayPal (Europe) S.a.r.l. et Cie, S.C.A., 22-24 Boulevard Royal, L-2449 Luxembourg (nachfolgend &#8220;PayPal&#8221;), weiter. Die Weitergabe erfolgt gem\u00e4\u00df Art. 6 Abs. 1 lit. b DSGVO und nur insoweit, als dies f\u00fcr die Zahlungsabwicklung erforderlich ist.<br \/>\nPayPal beh\u00e4lt sich f\u00fcr die Zahlungsmethoden Kreditkarte via PayPal, Lastschrift via PayPal oder \u2013 falls angeboten &#8211; &#8220;Kauf auf Rechnung&#8221; oder \u201eRatenzahlung\u201c via PayPal die Durchf\u00fchrung einer Bonit\u00e4tsauskunft vor. Hierf\u00fcr werden Ihre Zahlungsdaten gegebenenfalls gem\u00e4\u00df Art. 6 Abs. 1 lit. f DSGVO auf Basis des berechtigten Interesses von PayPal an der Feststellung Ihrer Zahlungsf\u00e4higkeit an Auskunfteien weitergegeben. Das Ergebnis der Bonit\u00e4tspr\u00fcfung in Bezug auf die statistische Zahlungsausfallwahrscheinlichkeit verwendet PayPal zum Zwecke der Entscheidung \u00fcber die Bereitstellung der jeweiligen Zahlungsmethode. Die Bonit\u00e4tsauskunft kann Wahrscheinlichkeitswerte enthalten (sog. Score-Werte). Soweit Score-Werte in das Ergebnis der Bonit\u00e4tsauskunft einflie\u00dfen, haben diese ihre Grundlage in einem wissenschaftlich anerkannten mathematisch-statistischen Verfahren. In die Berechnung der Score-Werte flie\u00dfen unter anderem, aber nicht ausschlie\u00dflich, Anschriftendaten ein. Weitere datenschutzrechtliche Informationen, unter anderem zu den verwendeten Auskunfteien, entnehmen Sie bitte der Datenschutzerkl\u00e4rung von PayPal: https:\/\/www.paypal.com\/de\/webapps\/mpp\/ua\/privacy-full<br \/>\nSie k\u00f6nnen dieser Verarbeitung Ihrer Daten jederzeit durch eine Nachricht an PayPal widersprechen. Jedoch bleibt PayPal ggf. weiterhin berechtigt, Ihre personenbezogenen Daten zu verarbeiten, sofern dies zur vertragsgem\u00e4\u00dfen Zahlungsabwicklung erforderlich ist.<br \/>\n&#8211; SOFORT<br \/>\nBei Auswahl der Zahlungsart \u201eSOFORT\u201c erfolgt die Zahlungsabwicklung \u00fcber den Zahlungsdienstleister SOFORT GmbH, Theresienh\u00f6he 12, 80339 M\u00fcnchen, Deutschland (im Folgenden \u201eSOFORT\u201c), an den wir Ihre im Rahmen des Bestellvorgangs mitgeteilten Informationen nebst den Informationen \u00fcber Ihre Bestellung gem\u00e4\u00df Art. 6 Abs. 1 lit. b DSGVO weitergeben. Die Sofort GmbH ist Teil der Klarna Group (Klarna Bank AB (publ), Sveav\u00e4gen 46, 11134 Stockholm, Schweden). Die Weitergabe Ihrer Daten erfolgt ausschlie\u00dflich zum Zwecke der Zahlungsabwicklung mit dem Zahlungsdienstleister SOFORT und nur insoweit, als sie hierf\u00fcr erforderlich ist. Unter der nachstehenden Internetadresse erhalten Sie weitere Informationen \u00fcber die Datenschutzbestimmungen von SOFORT: https:\/\/www.klarna.com\/sofort\/datenschutz<\/p>\n<p>8) Rechte des Betroffenen<br \/>\n8.1 Das geltende Datenschutzrecht gew\u00e4hrt Ihnen gegen\u00fcber dem Verantwortlichen hinsichtlich der Verarbeitung Ihrer personenbezogenen Daten umfassende Betroffenenrechte (Auskunfts- und Interventionsrechte), \u00fcber die wir Sie nachstehend informieren:<br \/>\n&#8211; Auskunftsrecht gem\u00e4\u00df Art. 15 DSGVO: Sie haben insbesondere ein Recht auf Auskunft \u00fcber Ihre von uns verarbeiteten personenbezogenen Daten, die Verarbeitungszwecke, die Kategorien der verarbeiteten personenbezogenen Daten, die Empf\u00e4nger oder Kategorien von Empf\u00e4ngern, gegen\u00fcber denen Ihre Daten offengelegt wurden oder werden, die geplante Speicherdauer bzw. die Kriterien f\u00fcr die Festlegung der Speicherdauer, das Bestehen eines Rechts auf Berichtigung, L\u00f6schung, Einschr\u00e4nkung der Verarbeitung, Widerspruch gegen die Verarbeitung, Beschwerde bei einer Aufsichtsbeh\u00f6rde, die Herkunft Ihrer Daten, wenn diese nicht durch uns bei Ihnen erhoben wurden, das Bestehen einer automatisierten Entscheidungsfindung einschlie\u00dflich Profiling und ggf. aussagekr\u00e4ftige Informationen \u00fcber die involvierte Logik und die Sie betreffende Tragweite und die angestrebten Auswirkungen einer solchen Verarbeitung, sowie Ihr Recht auf Unterrichtung, welche Garantien gem\u00e4\u00df Art. 46 DSGVO bei Weiterleitung Ihrer Daten in Drittl\u00e4nder bestehen;<br \/>\n&#8211; Recht auf Berichtigung gem\u00e4\u00df Art. 16 DSGVO: Sie haben ein Recht auf unverz\u00fcgliche Berichtigung Sie betreffender unrichtiger Daten und\/oder Vervollst\u00e4ndigung Ihrer bei uns gespeicherten unvollst\u00e4ndigen Daten;<br \/>\n&#8211; Recht auf L\u00f6schung gem\u00e4\u00df Art. 17 DSGVO: Sie haben das Recht, die L\u00f6schung Ihrer personenbezogenen Daten bei Vorliegen der Voraussetzungen des Art. 17 Abs. 1 DSGVO zu verlangen. Dieses Recht besteht jedoch insbesondere dann nicht, wenn die Verarbeitung zur Aus\u00fcbung des Rechts auf freie Meinungs\u00e4u\u00dferung und Information, zur Erf\u00fcllung einer rechtlichen Verpflichtung, aus Gr\u00fcnden des \u00f6ffentlichen Interesses oder zur Geltendmachung, Aus\u00fcbung oder Verteidigung von Rechtsanspr\u00fcchen erforderlich ist;<br \/>\n&#8211; Recht auf Einschr\u00e4nkung der Verarbeitung gem\u00e4\u00df Art. 18 DSGVO: Sie haben das Recht, die Einschr\u00e4nkung der Verarbeitung Ihrer personenbezogenen Daten zu verlangen, solange die von Ihnen bestrittene Richtigkeit Ihrer Daten \u00fcberpr\u00fcft wird, wenn Sie eine L\u00f6schung Ihrer Daten wegen unzul\u00e4ssiger Datenverarbeitung ablehnen und stattdessen die Einschr\u00e4nkung der Verarbeitung Ihrer Daten verlangen, wenn Sie Ihre Daten zur Geltendmachung, Aus\u00fcbung oder Verteidigung von Rechtsanspr\u00fcchen ben\u00f6tigen, nachdem wir diese Daten nach Zweckerreichung nicht mehr ben\u00f6tigen oder wenn Sie Widerspruch aus Gr\u00fcnden Ihrer besonderen Situation eingelegt haben, solange noch nicht feststeht, ob unsere berechtigten Gr\u00fcnde \u00fcberwiegen;<br \/>\n&#8211; Recht auf Unterrichtung gem\u00e4\u00df Art. 19 DSGVO: Haben Sie das Recht auf Berichtigung, L\u00f6schung oder Einschr\u00e4nkung der Verarbeitung gegen\u00fcber dem Verantwortlichen geltend gemacht, ist dieser verpflichtet, allen Empf\u00e4ngern, denen die Sie betreffenden personenbezogenen Daten offengelegt wurden, diese Berichtigung oder L\u00f6schung der Daten oder Einschr\u00e4nkung der Verarbeitung mitzuteilen, es sei denn, dies erweist sich als unm\u00f6glich oder ist mit einem unverh\u00e4ltnism\u00e4\u00dfigen Aufwand verbunden. Ihnen steht das Recht zu, \u00fcber diese Empf\u00e4nger unterrichtet zu werden.<br \/>\n&#8211; Recht auf Daten\u00fcbertragbarkeit gem\u00e4\u00df Art. 20 DSGVO: Sie haben das Recht, Ihre personenbezogenen Daten, die Sie uns bereitgestellt haben, in einem strukturierten, g\u00e4ngigen und maschinenlesebaren Format zu erhalten oder die \u00dcbermittlung an einen anderen Verantwortlichen zu verlangen, soweit dies technisch machbar ist;<br \/>\n&#8211; Recht auf Widerruf erteilter Einwilligungen gem\u00e4\u00df Art. 7 Abs. 3 DSGVO: Sie haben das Recht, eine einmal erteilte Einwilligung in die Verarbeitung von Daten jederzeit mit Wirkung f\u00fcr die Zukunft zu widerrufen. Im Falle des Widerrufs werden wir die betroffenen Daten unverz\u00fcglich l\u00f6schen, sofern eine weitere Verarbeitung nicht auf eine Rechtsgrundlage zur einwilligungslosen Verarbeitung gest\u00fctzt werden kann. Durch den Widerruf der Einwilligung wird die Rechtm\u00e4\u00dfigkeit der aufgrund der Einwilligung bis zum Widerruf erfolgten Verarbeitung nicht ber\u00fchrt;<br \/>\n&#8211; Recht auf Beschwerde gem\u00e4\u00df Art. 77 DSGVO: Wenn Sie der Ansicht sind, dass die Verarbeitung der Sie betreffenden personenbezogenen Daten gegen die DSGVO verst\u00f6\u00dft, haben Sie &#8211; unbeschadet eines anderweitigen verwaltungsrechtlichen oder gerichtlichen Rechtsbehelfs &#8211; das Recht auf Beschwerde bei einer Aufsichtsbeh\u00f6rde, insbesondere in dem Mitgliedstaat Ihres Aufenthaltsortes, Ihres Arbeitsplatzes oder des Ortes des mutma\u00dflichen Versto\u00dfes.<br \/>\n8.2 WIDERSPRUCHSRECHT<br \/>\nWENN WIR IM RAHMEN EINER INTERESSENABW\u00c4GUNG IHRE PERSONENBEZOGENEN DATEN AUFGRUND UNSERES \u00dcBERWIEGENDEN BERECHTIGTEN INTERESSES VERARBEITEN, HABEN SIE DAS JEDERZEITIGE RECHT, AUS GR\u00dcNDEN, DIE SICH AUS IHRER BESONDEREN SITUATION ERGEBEN, GEGEN DIESE VERARBEITUNG WIDERSPRUCH MIT WIRKUNG F\u00dcR DIE ZUKUNFT EINZULEGEN.<br \/>\nMACHEN SIE VON IHREM WIDERSPRUCHSRECHT GEBRAUCH, BEENDEN WIR DIE VERARBEITUNG DER BETROFFENEN DATEN. EINE WEITERVERARBEITUNG BLEIBT ABER VORBEHALTEN, WENN WIR ZWINGENDE SCHUTZW\u00dcRDIGE GR\u00dcNDE F\u00dcR DIE VERARBEITUNG NACHWEISEN K\u00d6NNEN, DIE IHRE INTERESSEN, GRUNDRECHTE UND GRUNDFREIHEITEN \u00dcBERWIEGEN, ODER WENN DIE VERARBEITUNG DER GELTENDMACHUNG, AUS\u00dcBUNG ODER VERTEIDIGUNG VON RECHTSANSPR\u00dcCHEN DIENT.<br \/>\nWERDEN IHRE PERSONENBEZOGENEN DATEN VON UNS VERARBEITET, UM DIREKTWERBUNG ZU BETREIBEN, HABEN SIE DAS RECHT, JEDERZEIT WIDERSPRUCH GEGEN DIE VERARBEITUNG SIE BETREFFENDER PERSONENBEZOGENER DATEN ZUM ZWECKE DERARTIGER WERBUNG EINZULEGEN. SIE K\u00d6NNEN DEN WIDERSPRUCH WIE OBEN BESCHRIEBEN AUS\u00dcBEN.<br \/>\nMACHEN SIE VON IHREM WIDERSPRUCHSRECHT GEBRAUCH, BEENDEN WIR DIE VERARBEITUNG DER BETROFFENEN DATEN ZU DIREKTWERBEZWECKEN.<\/p>\n<p>9) Dauer der Speicherung personenbezogener Daten<br \/>\nDie Dauer der Speicherung von personenbezogenen Daten bemisst sich anhand der jeweiligen gesetzlichen Aufbewahrungsfrist (z.B. handels- und steuerrechtliche Aufbewahrungsfristen). Nach Ablauf der Frist werden die entsprechenden Daten routinem\u00e4\u00dfig gel\u00f6scht, sofern sie nicht mehr zur Vertragserf\u00fcllung oder Vertragsanbahnung erforderlich sind und\/oder unsererseits kein berechtigtes Interesse an der Weiterspeicherung fortbesteht.<\/p>\n","protected":false},"excerpt":{"rendered":"<p>&#8212;&#8212;&#8212;&#8212;&#8212;&#8212;&#8211; Datenschutzerkl\u00e4rung &#8212;&#8212;&#8212;&#8212;&#8212;&#8212;&#8211; 1) Information \u00fcber die Erhebung personenbezogener Daten und Kontaktdaten des Verantwortlichen 1.1 Wir freuen uns, dass Sie unsere Website besuchen und bedanken uns f\u00fcr Ihr Interesse. Im Folgenden informieren wir Sie \u00fcber den Umgang mit Ihren personenbezogenen Daten bei Nutzung unserer Website. Personenbezogene Daten sind hierbei alle Daten, mit denen Sie pers\u00f6nlich<\/p>\n<div><a class=\"btn-filled btn\" href=\"https:\/\/www.maisondelight-168.com\/homepage\/datenschutz-und-cookies\/\" title=\"Datenschutz\">Weiterlesen<\/a><\/div>\n","protected":false},"author":1,"featured_media":0,"parent":0,"menu_order":0,"comment_status":"closed","ping_status":"closed","template":"page-templates\/full-width.php","meta":{"footnotes":""},"translation":{"provider":"WPGlobus","version":"2.12.2","language":"de","enabled_languages":["de","en"],"languages":{"de":{"title":true,"content":true,"excerpt":false},"en":{"title":false,"content":true,"excerpt":false}}},"_links":{"self":[{"href":"https:\/\/www.maisondelight-168.com\/homepage\/wp-json\/wp\/v2\/pages\/38"}],"collection":[{"href":"https:\/\/www.maisondelight-168.com\/homepage\/wp-json\/wp\/v2\/pages"}],"about":[{"href":"https:\/\/www.maisondelight-168.com\/homepage\/wp-json\/wp\/v2\/types\/page"}],"author":[{"embeddable":true,"href":"https:\/\/www.maisondelight-168.com\/homepage\/wp-json\/wp\/v2\/users\/1"}],"replies":[{"embeddable":true,"href":"https:\/\/www.maisondelight-168.com\/homepage\/wp-json\/wp\/v2\/comments?post=38"}],"version-history":[{"count":4,"href":"https:\/\/www.maisondelight-168.com\/homepage\/wp-json\/wp\/v2\/pages\/38\/revisions"}],"predecessor-version":[{"id":405,"href":"https:\/\/www.maisondelight-168.com\/homepage\/wp-json\/wp\/v2\/pages\/38\/revisions\/405"}],"wp:attachment":[{"href":"https:\/\/www.maisondelight-168.com\/homepage\/wp-json\/wp\/v2\/media?parent=38"}],"curies":[{"name":"wp","href":"https:\/\/api.w.org\/{rel}","templated":true}]}}