{"id":1354,"date":"2024-05-07T14:45:41","date_gmt":"2024-05-07T12:45:41","guid":{"rendered":"https:\/\/www.maisondelight-168.com\/homepage\/?post_type=product&#038;p=1354"},"modified":"2024-05-07T14:46:57","modified_gmt":"2024-05-07T12:46:57","slug":"herren-t-shirt-mit-schwarzem-hokusai-medley-print-weiss","status":"publish","type":"product","link":"https:\/\/www.maisondelight-168.com\/homepage\/en\/produkt\/herren-t-shirt-mit-schwarzem-hokusai-medley-print-weiss\/","title":{"rendered":"Herren T-Shirt mit schwarzem &#8220;Hokusai Medley&#8221; Print, wei\u00df"},"content":{"rendered":"<p>L\u00e4ssiges T-Shirt aus wei\u00dfem Jersey (100% Bio-Baumwolle, GOTS-zertifiziert) mit Rundhals, schwarzem Siebdruck Hokusai Print.<\/p>\n","protected":false},"excerpt":{"rendered":"<p>L\u00e4ssiges T-Shirt aus wei\u00dfem Jersey mit Rundhals, schwarzem Siebdruck Hokusai Print.<\/p>\n","protected":false},"featured_media":1359,"template":"","meta":[],"product_cat":[46,49,45],"product_tag":[],"translation":{"provider":"WPGlobus","version":"2.12.2","language":"en","enabled_languages":["de","en"],"languages":{"de":{"title":true,"content":true,"excerpt":true},"en":{"title":false,"content":false,"excerpt":false}}},"_links":{"self":[{"href":"https:\/\/www.maisondelight-168.com\/homepage\/en\/wp-json\/wp\/v2\/product\/1354"}],"collection":[{"href":"https:\/\/www.maisondelight-168.com\/homepage\/en\/wp-json\/wp\/v2\/product"}],"about":[{"href":"https:\/\/www.maisondelight-168.com\/homepage\/en\/wp-json\/wp\/v2\/types\/product"}],"wp:featuredmedia":[{"embeddable":true,"href":"https:\/\/www.maisondelight-168.com\/homepage\/en\/wp-json\/wp\/v2\/media\/1359"}],"wp:attachment":[{"href":"https:\/\/www.maisondelight-168.com\/homepage\/en\/wp-json\/wp\/v2\/media?parent=1354"}],"wp:term":[{"taxonomy":"product_cat","embeddable":true,"href":"https:\/\/www.maisondelight-168.com\/homepage\/en\/wp-json\/wp\/v2\/product_cat?post=1354"},{"taxonomy":"product_tag","embeddable":true,"href":"https:\/\/www.maisondelight-168.com\/homepage\/en\/wp-json\/wp\/v2\/product_tag?post=1354"}],"curies":[{"name":"wp","href":"https:\/\/api.w.org\/{rel}","templated":true}]}}