{"id":1191,"date":"2024-04-25T13:52:47","date_gmt":"2024-04-25T11:52:47","guid":{"rendered":"https:\/\/www.maisondelight-168.com\/homepage\/?post_type=product&#038;p=1191"},"modified":"2024-04-25T13:53:23","modified_gmt":"2024-04-25T11:53:23","slug":"unisex-sweatshirt-east-of-the-sun-or-west-of-the-moon","status":"publish","type":"product","link":"https:\/\/www.maisondelight-168.com\/homepage\/en\/produkt\/unisex-sweatshirt-east-of-the-sun-or-west-of-the-moon\/","title":{"rendered":"Unisex Sweatshirt &#8220;East of the Sun or West of the Moon&#8221;"},"content":{"rendered":"<p>Modernes Raglan-Sweatshirt aus super angenehmem Navy Blue Sweatshirtstoff (100% Bio-Baumwolle, GOTS-zertifiziert) mit goldenem Siebdruck Kranich Print, der Dich sch\u00f6n warm halten wird. Ein schickes Alltagstop mit dem gewissen Etwas, in dem Du gut angezogen wirkst!<br \/>Vorhandene Gr\u00f6\u00dfen XS \/ S \/ M \/ L \/ XL<br \/>Hinweis f\u00fcr die Damen: Da es sich um M\u00e4nner \/ Unisex Gr\u00f6\u00dfen handelt: eine Gr\u00f6\u00dfe kleiner bestellen. Beispiel: wenn Du normalweise eine Damengr\u00f6\u00dfe M tr\u00e4gst, dann ist hier die Gr\u00f6\u00dfe S passend. Es sei denn, Du tr\u00e4gst gerne Oversize.<\/p>\n","protected":false},"excerpt":{"rendered":"<p>Modernes Raglan-Sweatshirt aus super angenehmem Navy Blue Sweatshirtstoff mit goldenem Siebdruck Kranich Print, der Dich sch\u00f6n warm halten wird.<\/p>\n","protected":false},"featured_media":1197,"template":"","meta":[],"product_cat":[50,45,47],"product_tag":[],"translation":{"provider":"WPGlobus","version":"2.12.2","language":"en","enabled_languages":["de","en"],"languages":{"de":{"title":true,"content":true,"excerpt":true},"en":{"title":false,"content":false,"excerpt":false}}},"_links":{"self":[{"href":"https:\/\/www.maisondelight-168.com\/homepage\/en\/wp-json\/wp\/v2\/product\/1191"}],"collection":[{"href":"https:\/\/www.maisondelight-168.com\/homepage\/en\/wp-json\/wp\/v2\/product"}],"about":[{"href":"https:\/\/www.maisondelight-168.com\/homepage\/en\/wp-json\/wp\/v2\/types\/product"}],"wp:featuredmedia":[{"embeddable":true,"href":"https:\/\/www.maisondelight-168.com\/homepage\/en\/wp-json\/wp\/v2\/media\/1197"}],"wp:attachment":[{"href":"https:\/\/www.maisondelight-168.com\/homepage\/en\/wp-json\/wp\/v2\/media?parent=1191"}],"wp:term":[{"taxonomy":"product_cat","embeddable":true,"href":"https:\/\/www.maisondelight-168.com\/homepage\/en\/wp-json\/wp\/v2\/product_cat?post=1191"},{"taxonomy":"product_tag","embeddable":true,"href":"https:\/\/www.maisondelight-168.com\/homepage\/en\/wp-json\/wp\/v2\/product_tag?post=1191"}],"curies":[{"name":"wp","href":"https:\/\/api.w.org\/{rel}","templated":true}]}}