{"id":1159,"date":"2024-04-25T13:42:13","date_gmt":"2024-04-25T11:42:13","guid":{"rendered":"https:\/\/www.maisondelight-168.com\/homepage\/?post_type=product&#038;p=1159"},"modified":"2024-05-07T14:24:36","modified_gmt":"2024-05-07T12:24:36","slug":"damen-roll-up-t-shirt-mit-dunkelrotem-hokusai-medley-print-weiss","status":"publish","type":"product","link":"https:\/\/www.maisondelight-168.com\/homepage\/en\/produkt\/damen-roll-up-t-shirt-mit-dunkelrotem-hokusai-medley-print-weiss\/","title":{"rendered":"Damen Roll Up T-Shirt mit dunkelrotem &#8220;Hokusai Medley&#8221; Print, wei\u00df"},"content":{"rendered":"<p>L\u00e4ssiges T-Shirt aus wei\u00dfem Jersey (100% Bio-Baumwolle, GOTS-zertifiziert) mit Rundhals, dunkelrotem Siebdruck Hokusai Print sowie modischen Roll Up-\u00c4rmeln. Ein schickes Alltagstop mit dem gewissen Etwas, in dem Du gut angezogen wirkst! Passt zu Jeans oder elegantem Rock gleicherma\u00dfen!<\/p>\n","protected":false},"excerpt":{"rendered":"<p>L\u00e4ssiges T-Shirt aus wei\u00dfem Jersey mit Rundhals, dunkelrotem Siebdruck Hokusai Print sowie modischen Roll Up-\u00c4rmeln.<\/p>\n","protected":false},"featured_media":1163,"template":"","meta":[],"product_cat":[48,49,45],"product_tag":[],"translation":{"provider":"WPGlobus","version":"2.12.2","language":"en","enabled_languages":["de","en"],"languages":{"de":{"title":true,"content":true,"excerpt":true},"en":{"title":false,"content":false,"excerpt":false}}},"_links":{"self":[{"href":"https:\/\/www.maisondelight-168.com\/homepage\/en\/wp-json\/wp\/v2\/product\/1159"}],"collection":[{"href":"https:\/\/www.maisondelight-168.com\/homepage\/en\/wp-json\/wp\/v2\/product"}],"about":[{"href":"https:\/\/www.maisondelight-168.com\/homepage\/en\/wp-json\/wp\/v2\/types\/product"}],"wp:featuredmedia":[{"embeddable":true,"href":"https:\/\/www.maisondelight-168.com\/homepage\/en\/wp-json\/wp\/v2\/media\/1163"}],"wp:attachment":[{"href":"https:\/\/www.maisondelight-168.com\/homepage\/en\/wp-json\/wp\/v2\/media?parent=1159"}],"wp:term":[{"taxonomy":"product_cat","embeddable":true,"href":"https:\/\/www.maisondelight-168.com\/homepage\/en\/wp-json\/wp\/v2\/product_cat?post=1159"},{"taxonomy":"product_tag","embeddable":true,"href":"https:\/\/www.maisondelight-168.com\/homepage\/en\/wp-json\/wp\/v2\/product_tag?post=1159"}],"curies":[{"name":"wp","href":"https:\/\/api.w.org\/{rel}","templated":true}]}}